{"id":4870,"date":"2017-09-12T14:40:52","date_gmt":"2017-09-12T14:40:52","guid":{"rendered":"https:\/\/set-hr.com\/empleadores\/"},"modified":"2017-09-12T14:40:52","modified_gmt":"2017-09-12T14:40:52","slug":"empleadores","status":"publish","type":"page","link":"https:\/\/set-hr.com\/bg\/empleadores\/","title":{"rendered":"Empleadores"},"content":{"rendered":"<p><span style=\"font-weight: 400;\">Encontrar al candidato adecuado para un puesto en su empresa puede ser un proceso largo y dif\u00edcil. \u00bfPor qu\u00e9 no dejar que los expertos en empleo se encarguen de ello de forma r\u00e1pida y eficaz?<\/span><\/p>\n<p><b>SET HR&nbsp;<\/b><span style=\"font-weight: 400;\">ofrece a los empresarios servicios profesionales para ayudarles a encontrar los mejores candidatos para incorporarse a la plantilla. Recogemos datos sobre su experiencia, sus cualificaciones y su idoneidad para el puesto anunciado. Analizamos, comparamos y, con m\u00e9todos profesionales, evaluamos cuidadosamente a los candidatos m\u00e1s adecuados para proporcionarle referencias.&nbsp;<\/span><\/p>\n<p><span style=\"font-weight: 400;\">Nuestros expertos tendr\u00e1n en cuenta todos sus requisitos y preferencias, por lo que s\u00f3lo enviaremos a los candidatos m\u00e1s adecuados en funci\u00f3n de los mismos, facilitando as\u00ed sus decisiones.<\/span><\/p>\n<p><span style=\"font-weight: 400;\">No sacrifique su valioso tiempo y recursos con un proceso de contrataci\u00f3n largo y a veces infructuoso, en su lugar, solicite los servicios de nuestros expertos que llevar\u00e1n a cabo una contrataci\u00f3n profesional y le proporcionar\u00e1n el personal que est\u00e1 buscando.&nbsp;<\/span><\/p>\n<p><span style=\"font-weight: 400;\">Nuestros muchos a\u00f1os de experiencia en la gesti\u00f3n de procesos empresariales y recursos humanos garantizan una ventaja para su empresa en la selecci\u00f3n de recursos humanos.<\/span><\/p>\n<p><span style=\"font-weight: 400;\">Contacte con<\/span><b>&nbsp;SET HR&nbsp;<\/b><span style=\"font-weight: 400;\">hoy para guiarle a trav\u00e9s de nuestro proceso y proporcionarle nuestros servicios.&nbsp;<\/span><\/p>\n","protected":false},"excerpt":{"rendered":"<p>Encontrar al candidato adecuado para un puesto en su empresa puede ser un proceso largo y dif\u00edcil. \u00bfPor qu\u00e9 no<\/p>\n","protected":false},"author":1,"featured_media":0,"parent":0,"menu_order":0,"comment_status":"closed","ping_status":"closed","template":"","meta":{"footnotes":""},"class_list":["post-4870","page","type-page","status-publish","hentry"],"yoast_head":"<!-- This site is optimized with the Yoast SEO plugin v27.4 - https:\/\/yoast.com\/product\/yoast-seo-wordpress\/ -->\n<title>Empleadores - SET HR<\/title>\n<meta name=\"robots\" content=\"index, follow, max-snippet:-1, max-image-preview:large, max-video-preview:-1\" \/>\n<link rel=\"canonical\" href=\"https:\/\/set-hr.com\/bg\/empleadores\/\" \/>\n<meta property=\"og:locale\" content=\"bg_BG\" \/>\n<meta property=\"og:type\" content=\"article\" \/>\n<meta property=\"og:title\" content=\"Empleadores - SET HR\" \/>\n<meta property=\"og:description\" content=\"Encontrar al candidato adecuado para un puesto en su empresa puede ser un proceso largo y dif\u00edcil. \u00bfPor qu\u00e9 no\" \/>\n<meta property=\"og:url\" content=\"https:\/\/set-hr.com\/bg\/empleadores\/\" \/>\n<meta property=\"og:site_name\" content=\"SET HR\" \/>\n<meta property=\"article:publisher\" content=\"https:\/\/www.facebook.com\/SETHRGlobalRecruitment\" \/>\n<meta name=\"twitter:card\" content=\"summary_large_image\" \/>\n<meta name=\"twitter:label1\" content=\"Est. reading time\" \/>\n\t<meta name=\"twitter:data1\" content=\"1 \u043c\u0438\u043d\u0443\u0442\u0430\" \/>\n<script type=\"application\/ld+json\" class=\"yoast-schema-graph\">{\"@context\":\"https:\\\/\\\/schema.org\",\"@graph\":[{\"@type\":\"WebPage\",\"@id\":\"https:\\\/\\\/set-hr.com\\\/bg\\\/empleadores\\\/\",\"url\":\"https:\\\/\\\/set-hr.com\\\/bg\\\/empleadores\\\/\",\"name\":\"Empleadores - SET HR\",\"isPartOf\":{\"@id\":\"https:\\\/\\\/set-hr.com\\\/bg\\\/#website\"},\"datePublished\":\"2017-09-12T14:40:52+00:00\",\"breadcrumb\":{\"@id\":\"https:\\\/\\\/set-hr.com\\\/bg\\\/empleadores\\\/#breadcrumb\"},\"inLanguage\":\"bg-BG\",\"potentialAction\":[{\"@type\":\"ReadAction\",\"target\":[\"https:\\\/\\\/set-hr.com\\\/bg\\\/empleadores\\\/\"]}]},{\"@type\":\"BreadcrumbList\",\"@id\":\"https:\\\/\\\/set-hr.com\\\/bg\\\/empleadores\\\/#breadcrumb\",\"itemListElement\":[{\"@type\":\"ListItem\",\"position\":1,\"name\":\"\u041d\u0430\u0447\u0430\u043b\u043e\",\"item\":\"https:\\\/\\\/set-hr.com\\\/bg\\\/\"},{\"@type\":\"ListItem\",\"position\":2,\"name\":\"Empleadores\"}]},{\"@type\":\"WebSite\",\"@id\":\"https:\\\/\\\/set-hr.com\\\/bg\\\/#website\",\"url\":\"https:\\\/\\\/set-hr.com\\\/bg\\\/\",\"name\":\"SET HR\",\"description\":\"\u041f\u043e\u0434\u0431\u043e\u0440 \u043d\u0430 \u043f\u0435\u0440\u0441\u043e\u043d\u0430\u043b\",\"publisher\":{\"@id\":\"https:\\\/\\\/set-hr.com\\\/bg\\\/#organization\"},\"potentialAction\":[{\"@type\":\"SearchAction\",\"target\":{\"@type\":\"EntryPoint\",\"urlTemplate\":\"https:\\\/\\\/set-hr.com\\\/bg\\\/?s={search_term_string}\"},\"query-input\":{\"@type\":\"PropertyValueSpecification\",\"valueRequired\":true,\"valueName\":\"search_term_string\"}}],\"inLanguage\":\"bg-BG\"},{\"@type\":\"Organization\",\"@id\":\"https:\\\/\\\/set-hr.com\\\/bg\\\/#organization\",\"name\":\"SET HR\",\"url\":\"https:\\\/\\\/set-hr.com\\\/bg\\\/\",\"logo\":{\"@type\":\"ImageObject\",\"inLanguage\":\"bg-BG\",\"@id\":\"https:\\\/\\\/set-hr.com\\\/bg\\\/#\\\/schema\\\/logo\\\/image\\\/\",\"url\":\"https:\\\/\\\/set-hr.com\\\/wp-content\\\/uploads\\\/2022\\\/10\\\/Transparent-Logo.png\",\"contentUrl\":\"https:\\\/\\\/set-hr.com\\\/wp-content\\\/uploads\\\/2022\\\/10\\\/Transparent-Logo.png\",\"width\":2029,\"height\":1063,\"caption\":\"SET HR\"},\"image\":{\"@id\":\"https:\\\/\\\/set-hr.com\\\/bg\\\/#\\\/schema\\\/logo\\\/image\\\/\"},\"sameAs\":[\"https:\\\/\\\/www.facebook.com\\\/SETHRGlobalRecruitment\"]}]}<\/script>\n<!-- \/ Yoast SEO plugin. -->","yoast_head_json":{"title":"Empleadores - SET HR","robots":{"index":"index","follow":"follow","max-snippet":"max-snippet:-1","max-image-preview":"max-image-preview:large","max-video-preview":"max-video-preview:-1"},"canonical":"https:\/\/set-hr.com\/bg\/empleadores\/","og_locale":"bg_BG","og_type":"article","og_title":"Empleadores - SET HR","og_description":"Encontrar al candidato adecuado para un puesto en su empresa puede ser un proceso largo y dif\u00edcil. \u00bfPor qu\u00e9 no","og_url":"https:\/\/set-hr.com\/bg\/empleadores\/","og_site_name":"SET HR","article_publisher":"https:\/\/www.facebook.com\/SETHRGlobalRecruitment","twitter_card":"summary_large_image","twitter_misc":{"Est. reading time":"1 \u043c\u0438\u043d\u0443\u0442\u0430"},"schema":{"@context":"https:\/\/schema.org","@graph":[{"@type":"WebPage","@id":"https:\/\/set-hr.com\/bg\/empleadores\/","url":"https:\/\/set-hr.com\/bg\/empleadores\/","name":"Empleadores - SET HR","isPartOf":{"@id":"https:\/\/set-hr.com\/bg\/#website"},"datePublished":"2017-09-12T14:40:52+00:00","breadcrumb":{"@id":"https:\/\/set-hr.com\/bg\/empleadores\/#breadcrumb"},"inLanguage":"bg-BG","potentialAction":[{"@type":"ReadAction","target":["https:\/\/set-hr.com\/bg\/empleadores\/"]}]},{"@type":"BreadcrumbList","@id":"https:\/\/set-hr.com\/bg\/empleadores\/#breadcrumb","itemListElement":[{"@type":"ListItem","position":1,"name":"\u041d\u0430\u0447\u0430\u043b\u043e","item":"https:\/\/set-hr.com\/bg\/"},{"@type":"ListItem","position":2,"name":"Empleadores"}]},{"@type":"WebSite","@id":"https:\/\/set-hr.com\/bg\/#website","url":"https:\/\/set-hr.com\/bg\/","name":"SET HR","description":"\u041f\u043e\u0434\u0431\u043e\u0440 \u043d\u0430 \u043f\u0435\u0440\u0441\u043e\u043d\u0430\u043b","publisher":{"@id":"https:\/\/set-hr.com\/bg\/#organization"},"potentialAction":[{"@type":"SearchAction","target":{"@type":"EntryPoint","urlTemplate":"https:\/\/set-hr.com\/bg\/?s={search_term_string}"},"query-input":{"@type":"PropertyValueSpecification","valueRequired":true,"valueName":"search_term_string"}}],"inLanguage":"bg-BG"},{"@type":"Organization","@id":"https:\/\/set-hr.com\/bg\/#organization","name":"SET HR","url":"https:\/\/set-hr.com\/bg\/","logo":{"@type":"ImageObject","inLanguage":"bg-BG","@id":"https:\/\/set-hr.com\/bg\/#\/schema\/logo\/image\/","url":"https:\/\/set-hr.com\/wp-content\/uploads\/2022\/10\/Transparent-Logo.png","contentUrl":"https:\/\/set-hr.com\/wp-content\/uploads\/2022\/10\/Transparent-Logo.png","width":2029,"height":1063,"caption":"SET HR"},"image":{"@id":"https:\/\/set-hr.com\/bg\/#\/schema\/logo\/image\/"},"sameAs":["https:\/\/www.facebook.com\/SETHRGlobalRecruitment"]}]}},"_links":{"self":[{"href":"https:\/\/set-hr.com\/bg\/wp-json\/wp\/v2\/pages\/4870","targetHints":{"allow":["GET"]}}],"collection":[{"href":"https:\/\/set-hr.com\/bg\/wp-json\/wp\/v2\/pages"}],"about":[{"href":"https:\/\/set-hr.com\/bg\/wp-json\/wp\/v2\/types\/page"}],"author":[{"embeddable":true,"href":"https:\/\/set-hr.com\/bg\/wp-json\/wp\/v2\/users\/1"}],"replies":[{"embeddable":true,"href":"https:\/\/set-hr.com\/bg\/wp-json\/wp\/v2\/comments?post=4870"}],"version-history":[{"count":0,"href":"https:\/\/set-hr.com\/bg\/wp-json\/wp\/v2\/pages\/4870\/revisions"}],"wp:attachment":[{"href":"https:\/\/set-hr.com\/bg\/wp-json\/wp\/v2\/media?parent=4870"}],"curies":[{"name":"wp","href":"https:\/\/api.w.org\/{rel}","templated":true}]}}