{"id":4876,"date":"2019-02-20T08:49:02","date_gmt":"2019-02-20T08:49:02","guid":{"rendered":"https:\/\/set-hr.com\/sobre-nosotros\/"},"modified":"2019-02-20T08:49:02","modified_gmt":"2019-02-20T08:49:02","slug":"sobre-nosotros","status":"publish","type":"page","link":"https:\/\/set-hr.com\/bg\/sobre-nosotros\/","title":{"rendered":"Sobre nosotros"},"content":{"rendered":"<section class=\"fw-main-row ls section_padding_top_100 section_padding_bottom_100 columns_padding_15 horizontal-paddings-0\">\n<h3 class=\"hidden\">  Faq<\/h3>\n<div class=\"container\">\n<div class=\"row\">\n<div class=\"col-xs-12\">\n<div class=\"special-heading text-left\">\n<h3 class=\"section_header margin_0 \">\n\t<span class=\" medium text-uppercase\"><br \/>\n  Por qu\u00e9 SET-HR  <\/span><br \/>\n\t<\/h3>\n<\/div>\n<div class=\"fw-divider-space \" style=\"margin-top: 25px\"><\/div>\n<div class=\"fw-divider-line\">\n<hr>\n<\/div>\n<div class=\"fw-divider-space \" style=\"margin-top: 25px\"><\/div>\n<\/div>\n<div class=\"col-xs-12 col-md-6 to_animate text-left\" data-animation=\"slideRight\">\n<div class=\"bootstrap-accordion\">\n<div class=\"panel-group\" id=\"accordion-1618d42fbd0a70d0253beb9a4923f7de\">\n<div class=\"panel panel-default\">\n<div class=\"panel-heading\">\n<h4 class=\"panel-title\">\n\t\t\t\t\t\t<a class=\"\" href=\"#collapse-1618d42fbd0a70d0253beb9a4923f7de-0\" data-toggle=\"collapse\" data-parent=\"#accordion-1618d42fbd0a70d0253beb9a4923f7de\"><br \/>\n\t\t\t\t\t\t\t\t\t\t\t\t\t\t\t<i class=\"fa fa-pencil\"><\/i><br \/>\n  \u00bfCu\u00e1l es nuestra misi\u00f3n?  <\/a><br \/>\n\t\t\t\t\t<\/h4>\n<\/p><\/div>\n<div id=\"collapse-1618d42fbd0a70d0253beb9a4923f7de-0\" class=\"panel-collapse collapse in\">\n<div class=\"panel-body\">\n  SET HR es una agencia de personal dedicada a encontrar los profesionales adecuados para su empresa y la posici\u00f3n profesional adecuada para cada profesional. Nuestro equipo cuenta con m\u00e1s de 15 a\u00f1os de experiencia en la gesti\u00f3n de procesos empresariales y de recursos humanos, lo que supone una ventaja garantizada para el \u00e9xito en ambos sentidos del proceso de contrataci\u00f3n.  <\/div>\n<\/p><\/div>\n<\/p><\/div>\n<div class=\"panel panel-default\">\n<div class=\"panel-heading\">\n<h4 class=\"panel-title\">\n\t\t\t\t\t\t<a class=\"collapsed\" href=\"#collapse-1618d42fbd0a70d0253beb9a4923f7de-1\" data-toggle=\"collapse\" data-parent=\"#accordion-1618d42fbd0a70d0253beb9a4923f7de\"><br \/>\n\t\t\t\t\t\t\t\t\t\t\t\t\t\t\t<i class=\"fa fa-pencil\"><\/i><br \/>\n  \u00bfC\u00f3mo podemos ser \u00fatiles?  <\/a><br \/>\n\t\t\t\t\t<\/h4>\n<\/p><\/div>\n<div id=\"collapse-1618d42fbd0a70d0253beb9a4923f7de-1\" class=\"panel-collapse collapse \">\n<div class=\"panel-body\">\n  SET HR tiene acceso a personal y profesionales a nivel internacional. Encontramos, contratamos y reclutamos contratistas y empleados de alta calidad para plazos de entrega cortos, vol\u00famenes elevados y requisitos profesionales espec\u00edficos. Proporcionamos asesoramiento y apoyo profesional en materia de contrataci\u00f3n a los empresarios.  <\/div>\n<\/p><\/div>\n<\/p><\/div>\n<div class=\"panel panel-default\">\n<div class=\"panel-heading\">\n<h4 class=\"panel-title\">\n\t\t\t\t\t\t<a class=\"collapsed\" href=\"#collapse-1618d42fbd0a70d0253beb9a4923f7de-2\" data-toggle=\"collapse\" data-parent=\"#accordion-1618d42fbd0a70d0253beb9a4923f7de\"><br \/>\n\t\t\t\t\t\t\t\t\t\t\t\t\t\t\t<i class=\"fa fa-pencil\"><\/i><br \/>\n  \u00bfQu\u00e9 nos hace diferentes?  <\/a><br \/>\n\t\t\t\t\t<\/h4>\n<\/p><\/div>\n<div id=\"collapse-1618d42fbd0a70d0253beb9a4923f7de-2\" class=\"panel-collapse collapse \">\n<div class=\"panel-body\">\n  El equipo de RRHH de SET est\u00e1 dirigido por especialistas en diversos sectores. El equipo ofrece soluciones empresariales integrales basadas en nuestra experiencia y conocimientos en los distintos mercados con los que trabajamos, as\u00ed como en nuestro conocimiento de las necesidades de las empresas y los candidatos.  <\/div>\n<\/p><\/div>\n<\/p><\/div>\n<div class=\"panel panel-default\">\n<div class=\"panel-heading\">\n<h4 class=\"panel-title\">\n\t\t\t\t\t\t<a class=\"collapsed\" href=\"#collapse-1618d42fbd0a70d0253beb9a4923f7de-3\" data-toggle=\"collapse\" data-parent=\"#accordion-1618d42fbd0a70d0253beb9a4923f7de\"><br \/>\n\t\t\t\t\t\t\t\t\t\t\t\t\t\t\t<i class=\"fa fa-pencil\"><\/i><br \/>\n  Selecci\u00f3n adecuada del personal  <\/a><br \/>\n\t\t\t\t\t<\/h4>\n<\/p><\/div>\n<div id=\"collapse-1618d42fbd0a70d0253beb9a4923f7de-3\" class=\"panel-collapse collapse \">\n<div class=\"panel-body\">\n  Las soluciones de contrataci\u00f3n de SET HR, que cumplen con las normas, proporcionan habilidades vitales a las empresas, adem\u00e1s de ofrecer a los solicitantes de empleo servicios \u00e9ticos, una remuneraci\u00f3n justa y una progresi\u00f3n profesional con visi\u00f3n de futuro. Somos una consultor\u00eda profesional registrada que ofrece recursos de empleo y desarrollo profesional de alta calidad.  <\/div>\n<\/p><\/div>\n<\/p><\/div>\n<\/p><\/div>\n<\/div>\n<\/div>\n<div class=\"col-xs-12 col-md-6\">\n\t<img loading=\"lazy\" decoding=\"async\" src=\"https:\/\/set-hr.com\/wp-content\/uploads\/2017\/09\/author-600x480.jpg\" alt=\"https:\/\/set-hr.com\/wp-content\/uploads\/2017\/09\/author-600x480.jpg\" width=\"600\" height=\"480\"><\/div>\n<\/p><\/div>\n<\/p><\/div>\n<\/section>\n<section class=\"fw-main-row ls section_padding_top_100 section_padding_bottom_100 columns_padding_15\" style=\"background-image:url(https:\/\/set-hr.com\/wp-content\/uploads\/2017\/06\/texture2.jpg)\">\n<h3 class=\"hidden\">  Nuestros servicios<\/h3>\n<div class=\"container\">\n<div class=\"row\">\n<div class=\"col-xs-12\">\n<div class=\"special-heading text-center\">\n<h3 class=\"section_header margin_0 \">\n\t<span class=\" medium text-uppercase\"><br \/>\n  Nuestros servicios  <\/span><br \/>\n\t<\/h3>\n<p class=\" paragraph\">\n\t<span class=\" medium text-uppercase\"><br \/>\n  Trabajamos para obtener resultados  <\/span>\n\t<\/p>\n<\/div>\n<div class=\"fw-divider-line\">\n<hr>\n<\/div>\n<div class=\"fw-divider-space \" style=\"margin-top: 25px\"><\/div>\n<\/div>\n<div class=\"col-xs-12\">\n<div class=\"columns_padding_15\">\n<div class=\"isotope_container isotope row masonry-layout\">\n<div class=\"isotope-item col-lg-4 col-md-4 col-sm-6 col-xs-12 services \">\n<div class=\"service_item vertical-item content-padding with_shadow text-center overflow-hidden\">\n<div class=\"item-media\">\n                <a href=\"\/?p=3529\"><br \/>\n\t\t\t\t<img decoding=\"async\" width=\"640\" height=\"427\" src=\"https:\/\/set-hr.com\/wp-content\/uploads\/2017\/09\/jason-goodman-wVh5grSMYaY-unsplash.jpg\" class=\"attachment-human-consult-services size-human-consult-services wp-post-image\" alt=\"\" loading=\"lazy\">                <\/a>\n\t\t\t<\/div>\n<div class=\"item-content\">\n<h5 class=\"entry-title medium\">\n\t\t\t<a href=\"\/?p=3529\"><br \/>\n  Contrataci\u00f3n  <\/a><br \/>\n\t\t<\/h5>\n<div class=\"excerpt\">\n<p>Contrataci\u00f3n de personal, especialistas, expertos y directivos.<\/p>\n<\/p><\/div>\n<\/p><\/div>\n<p><!-- eof .item-content -->\n<\/div>\n<p><!-- eof .teaser -->\n\t\t\t<\/div>\n<div class=\"isotope-item col-lg-4 col-md-4 col-sm-6 col-xs-12 services \">\n<div class=\"service_item vertical-item content-padding with_shadow text-center overflow-hidden\">\n<div class=\"item-media\">\n                <a href=\"\/?p=3528\"><br \/>\n\t\t\t\t<img decoding=\"async\" width=\"640\" height=\"427\" src=\"https:\/\/set-hr.com\/wp-content\/uploads\/2017\/09\/cytonn-photography-n95VMLxqM2I-unsplash.jpg\" class=\"attachment-human-consult-services size-human-consult-services wp-post-image\" alt=\"\" loading=\"lazy\">                <\/a>\n\t\t\t<\/div>\n<div class=\"item-content\">\n<h5 class=\"entry-title medium\">\n\t\t\t<a href=\"\/?p=3528\"><br \/>\n  Administraci\u00f3n del personal  <\/a><br \/>\n\t\t<\/h5>\n<div class=\"excerpt\">\n<p>Redacci\u00f3n de contratos de trabajo, acuerdos complementarios y \u00f3rdenes de terminaci\u00f3n;<br \/>\nPreparaci\u00f3n de los contratos civiles y de las cuentas de los importes pagados&#8230;<\/p>\n<\/p><\/div>\n<\/p><\/div>\n<p><!-- eof .item-content -->\n<\/div>\n<p><!-- eof .teaser -->\n\t\t\t<\/div>\n<div class=\"isotope-item col-lg-4 col-md-4 col-sm-6 col-xs-12 services \">\n<div class=\"service_item vertical-item content-padding with_shadow text-center overflow-hidden\">\n<div class=\"item-media\">\n                <a href=\"\/?p=3527\"><br \/>\n\t\t\t\t<img decoding=\"async\" width=\"640\" height=\"427\" src=\"https:\/\/set-hr.com\/wp-content\/uploads\/2017\/09\/scott-graham-5fNmWej4tAA-unsplash.jpg\" class=\"attachment-human-consult-services size-human-consult-services wp-post-image\" alt=\"\" loading=\"lazy\">                <\/a>\n\t\t\t<\/div>\n<div class=\"item-content\">\n<h5 class=\"entry-title medium\">\n\t\t\t<a href=\"\/?p=3527\"><br \/>\n  Servicios de contabilidad y n\u00f3minas  <\/a><br \/>\n\t\t<\/h5>\n<div class=\"excerpt\">\n<p>Contabilidad, N\u00f3mina, Auditor\u00eda<\/p>\n<\/p><\/div>\n<\/p><\/div>\n<p><!-- eof .item-content -->\n<\/div>\n<p><!-- eof .teaser -->\n\t\t\t<\/div>\n<div class=\"isotope-item col-lg-4 col-md-4 col-sm-6 col-xs-12 services \">\n<div class=\"service_item vertical-item content-padding with_shadow text-center overflow-hidden\">\n<div class=\"item-media\">\n                <a href=\"\/?p=3526\"><br \/>\n\t\t\t\t<img decoding=\"async\" width=\"640\" height=\"427\" src=\"https:\/\/set-hr.com\/wp-content\/uploads\/2017\/09\/hunters-race-MYbhN8KaaEc-unsplash.jpg\" class=\"attachment-human-consult-services size-human-consult-services wp-post-image\" alt=\"\" loading=\"lazy\">                <\/a>\n\t\t\t<\/div>\n<div class=\"item-content\">\n<h5 class=\"entry-title medium\">\n\t\t\t<a href=\"\/?p=3526\"><br \/>\n  Servicios corporativos  <\/a><br \/>\n\t\t<\/h5>\n<div class=\"excerpt\">\n<p>Registro de empresas comerciales, registro de establecimientos comerciales y mediaci\u00f3n para la emisi\u00f3n de un dictamen por parte de la Agencia Alimentaria si el establecimiento est\u00e1 destinado al comercio de alimentos y productos derivados.<\/p>\n<\/p><\/div>\n<\/p><\/div>\n<p><!-- eof .item-content -->\n<\/div>\n<p><!-- eof .teaser -->\n\t\t\t<\/div>\n<div class=\"isotope-item col-lg-4 col-md-4 col-sm-6 col-xs-12 services \">\n<div class=\"service_item vertical-item content-padding with_shadow text-center overflow-hidden\">\n<div class=\"item-media\">\n                <a href=\"\/?p=3525\"><br \/>\n\t\t\t\t<img decoding=\"async\" width=\"640\" height=\"427\" src=\"https:\/\/set-hr.com\/wp-content\/uploads\/2017\/09\/headway-5QgIuuBxKwM-unsplash.jpg\" class=\"attachment-human-consult-services size-human-consult-services wp-post-image\" alt=\"\" loading=\"lazy\">                <\/a>\n\t\t\t<\/div>\n<div class=\"item-content\">\n<h5 class=\"entry-title medium\">\n\t\t\t<a href=\"\/?p=3525\"><br \/>\n  Alojamiento y log\u00edstica  <\/a><br \/>\n\t\t<\/h5>\n<div class=\"excerpt\">\n<p>Garantizar el proceso global de incorporaci\u00f3n de los trabajadores.<\/p>\n<\/p><\/div>\n<\/p><\/div>\n<p><!-- eof .item-content -->\n<\/div>\n<p><!-- eof .teaser -->\n\t\t\t<\/div>\n<div class=\"isotope-item col-lg-4 col-md-4 col-sm-6 col-xs-12 services \">\n<div class=\"service_item vertical-item content-padding with_shadow text-center overflow-hidden\">\n<div class=\"item-media\">\n                <a href=\"\/?p=3232\"><br \/>\n\t\t\t\t<img decoding=\"async\" width=\"640\" height=\"427\" src=\"https:\/\/set-hr.com\/wp-content\/uploads\/2017\/09\/conor-brown-TWxNr5ZpxJM-unsplash.jpg\" class=\"attachment-human-consult-services size-human-consult-services wp-post-image\" alt=\"Contratistas\" loading=\"lazy\">                <\/a>\n\t\t\t<\/div>\n<div class=\"item-content\">\n<h5 class=\"entry-title medium\">\n\t\t\t<a href=\"\/?p=3232\"><br \/>\n  Contratistas  <\/a><br \/>\n\t\t<\/h5>\n<div class=\"excerpt\">\n<p>Personal para asuntos internacionales en todo el mundo.<\/p>\n<\/p><\/div>\n<\/p><\/div>\n<p><!-- eof .item-content -->\n<\/div>\n<p><!-- eof .teaser -->\n\t\t\t<\/div>\n<\/p><\/div>\n<p><!-- eof .isotope_container -->\n<\/div>\n<p><!-- eof .columns_padding_* --><\/div>\n<\/p><\/div>\n<\/p><\/div>\n<\/section>\n<section class=\"fw-main-row ls section_padding_top_0 section_padding_bottom_0 columns_padding_0 fullwidth-section\">\n<h3 class=\"hidden\">  Cartera 2<\/h3>\n<div class=\"container-fluid\">\n<div class=\"row\">\n<div class=\"col-xs-12\">\n\t<\/div>\n<\/p><\/div>\n<\/p><\/div>\n<\/section>\n<section class=\"fw-main-row ls section_padding_top_100 section_padding_bottom_100 columns_padding_15\">\n<h3 class=\"hidden\">  Gr\u00e1fico circular<\/h3>\n<div class=\"container\">\n<div class=\"row\">\n<div class=\"col-xs-12\">\n<div class=\"special-heading text-center\">\n<h3 class=\"section_header margin_0 \">\n\t<span class=\" medium text-uppercase\"><br \/>\n  Contacto con nosotros  <\/span><br \/>\n\t<\/h3>\n<\/div>\n<div class=\"fw-divider-space \" style=\"margin-top: 50px\"><\/div>\n<\/div>\n<div class=\"col-xs-12 col-md-4 text-center\">\n\t<\/div>\n<div class=\"col-xs-12 col-md-4 text-center\">\n\t<\/div>\n<div class=\"col-xs-12 col-md-4 text-center\">\n\t<\/div>\n<\/p><\/div>\n<\/p><\/div>\n<\/section>\n<section class=\"fw-main-row ls section_padding_top_50 section_padding_bottom_30 columns_padding_15\">\n<h3 class=\"hidden\">  Icono<\/h3>\n<div class=\"container\">\n<div class=\"row\">\n<div class=\"col-xs-12 col-md-3\">\n<div class=\"teaser icon_top text-center color_1\">\n<div class=\"teaser_icon size_normal bg_color round teaser_gradient color_1\">\n\t\t\t<i class=\"fa fa-map-marker\"><\/i>\n\t\t<\/div>\n<h3>\n<p>  Direcci\u00f3n<br \/>\n\t\t\t\t<\/h3>\n<p>\n  Calle Polk Stoyno Baciiski 44  <\/p>\n<\/p><\/div>\n<\/p><\/div>\n<div class=\"col-xs-12 col-md-3\">\n<div class=\"teaser icon_top text-center color_1\">\n<div class=\"teaser_icon size_normal bg_color round teaser_gradient color_1\">\n\t\t\t<i class=\"fa fa-volume-control-phone\"><\/i>\n\t\t<\/div>\n<h3>\n<p>  Ll\u00e1mese a s\u00ed mismo<br \/>\n\t\t\t\t<\/h3>\n<p>\n  +359-988-819-635  <\/p>\n<\/p><\/div>\n<\/p><\/div>\n<div class=\"col-xs-12 col-md-3\">\n<div class=\"teaser icon_top text-center color_1\">\n<div class=\"teaser_icon size_normal bg_color round teaser_gradient color_1\">\n\t\t\t<i class=\"rt-icon2-mail3\"><\/i>\n\t\t<\/div>\n<h3>\n<p>  Env\u00ede un correo electr\u00f3nico a<br \/>\n\t\t\t\t<\/h3>\n<p>\n  info@set-hr.com  <\/p>\n<\/p><\/div>\n<\/p><\/div>\n<div class=\"col-xs-12 col-md-3\">\n<div class=\"teaser icon_top text-center color_1\">\n<div class=\"teaser_icon size_normal bg_color round teaser_gradient color_1\">\n\t\t\t<i class=\"rt-icon2-clock4\"><\/i>\n\t\t<\/div>\n<h3>\n<p>  Tiempo de trabajo<br \/>\n\t\t\t\t<\/h3>\n<p>\n  De 9:00 a 20:00\n\t\t<\/p>\n<\/p><\/div>\n<\/p><\/div>\n<div class=\"fw-divider-line\">\n<hr>\n<\/div><\/div>\n<\/p><\/div>\n<\/section>\n<div class=\"text-block\">\n<p style=\"text-align: center\">Seth HR Ltd. tiene un certificado de registro del Ministerio de Trabajo y Pol\u00edtica Social No. 3409\/30.09.2022 \u0438 3410\/30.09.2022<\/p>\n<\/div>\n<section class=\"fw-main-row ls section_padding_top_100 section_padding_bottom_100 columns_padding_0 fullwidth-section\">\n<h3 class=\"hidden\">  Mapa2<\/h3>\n<div class=\"container-fluid\">\n<div class=\"row\">\n\t\t\t\t\t<\/div>\n<\/p><\/div>\n<\/section>\n<p><!-- 202cd0dd1d2c92887cac81cd5cd01777 --><\/p>\n","protected":false},"excerpt":{"rendered":"<p>Faq Por qu\u00e9 SET-HR \u00bfCu\u00e1l es nuestra misi\u00f3n? SET HR es una agencia de personal dedicada a encontrar los profesionales<\/p>\n","protected":false},"author":1,"featured_media":0,"parent":0,"menu_order":0,"comment_status":"closed","ping_status":"closed","template":"","meta":{"footnotes":""},"class_list":["post-4876","page","type-page","status-publish","hentry"],"yoast_head":"<!-- This site is optimized with the Yoast SEO plugin v27.5 - https:\/\/yoast.com\/product\/yoast-seo-wordpress\/ -->\n<title>Sobre nosotros - SET HR<\/title>\n<meta name=\"robots\" content=\"index, follow, max-snippet:-1, max-image-preview:large, max-video-preview:-1\" \/>\n<link rel=\"canonical\" href=\"https:\/\/set-hr.com\/bg\/sobre-nosotros\/\" \/>\n<meta property=\"og:locale\" content=\"bg_BG\" \/>\n<meta property=\"og:type\" content=\"article\" \/>\n<meta property=\"og:title\" content=\"Sobre nosotros - SET HR\" \/>\n<meta property=\"og:description\" content=\"Faq Por qu\u00e9 SET-HR \u00bfCu\u00e1l es nuestra misi\u00f3n? SET HR es una agencia de personal dedicada a encontrar los profesionales\" \/>\n<meta property=\"og:url\" content=\"https:\/\/set-hr.com\/bg\/sobre-nosotros\/\" \/>\n<meta property=\"og:site_name\" content=\"SET HR\" \/>\n<meta property=\"article:publisher\" content=\"https:\/\/www.facebook.com\/SETHRGlobalRecruitment\" \/>\n<meta property=\"og:image\" content=\"https:\/\/set-hr.com\/wp-content\/uploads\/2017\/09\/author-600x480.jpg\" \/>\n<meta name=\"twitter:card\" content=\"summary_large_image\" \/>\n<meta name=\"twitter:label1\" content=\"Est. reading time\" \/>\n\t<meta name=\"twitter:data1\" content=\"2 \u043c\u0438\u043d\u0443\u0442\u0438\" \/>\n<script type=\"application\/ld+json\" class=\"yoast-schema-graph\">{\"@context\":\"https:\\\/\\\/schema.org\",\"@graph\":[{\"@type\":\"WebPage\",\"@id\":\"https:\\\/\\\/set-hr.com\\\/bg\\\/sobre-nosotros\\\/\",\"url\":\"https:\\\/\\\/set-hr.com\\\/bg\\\/sobre-nosotros\\\/\",\"name\":\"Sobre nosotros - SET HR\",\"isPartOf\":{\"@id\":\"https:\\\/\\\/set-hr.com\\\/bg\\\/#website\"},\"primaryImageOfPage\":{\"@id\":\"https:\\\/\\\/set-hr.com\\\/bg\\\/sobre-nosotros\\\/#primaryimage\"},\"image\":{\"@id\":\"https:\\\/\\\/set-hr.com\\\/bg\\\/sobre-nosotros\\\/#primaryimage\"},\"thumbnailUrl\":\"https:\\\/\\\/set-hr.com\\\/wp-content\\\/uploads\\\/2017\\\/09\\\/author-600x480.jpg\",\"datePublished\":\"2019-02-20T08:49:02+00:00\",\"breadcrumb\":{\"@id\":\"https:\\\/\\\/set-hr.com\\\/bg\\\/sobre-nosotros\\\/#breadcrumb\"},\"inLanguage\":\"bg-BG\",\"potentialAction\":[{\"@type\":\"ReadAction\",\"target\":[\"https:\\\/\\\/set-hr.com\\\/bg\\\/sobre-nosotros\\\/\"]}]},{\"@type\":\"ImageObject\",\"inLanguage\":\"bg-BG\",\"@id\":\"https:\\\/\\\/set-hr.com\\\/bg\\\/sobre-nosotros\\\/#primaryimage\",\"url\":\"https:\\\/\\\/set-hr.com\\\/wp-content\\\/uploads\\\/2017\\\/09\\\/author-600x480.jpg\",\"contentUrl\":\"https:\\\/\\\/set-hr.com\\\/wp-content\\\/uploads\\\/2017\\\/09\\\/author-600x480.jpg\"},{\"@type\":\"BreadcrumbList\",\"@id\":\"https:\\\/\\\/set-hr.com\\\/bg\\\/sobre-nosotros\\\/#breadcrumb\",\"itemListElement\":[{\"@type\":\"ListItem\",\"position\":1,\"name\":\"\u041d\u0430\u0447\u0430\u043b\u043e\",\"item\":\"https:\\\/\\\/set-hr.com\\\/bg\\\/\"},{\"@type\":\"ListItem\",\"position\":2,\"name\":\"Sobre nosotros\"}]},{\"@type\":\"WebSite\",\"@id\":\"https:\\\/\\\/set-hr.com\\\/bg\\\/#website\",\"url\":\"https:\\\/\\\/set-hr.com\\\/bg\\\/\",\"name\":\"SET HR\",\"description\":\"\u041f\u043e\u0434\u0431\u043e\u0440 \u043d\u0430 \u043f\u0435\u0440\u0441\u043e\u043d\u0430\u043b\",\"publisher\":{\"@id\":\"https:\\\/\\\/set-hr.com\\\/bg\\\/#organization\"},\"potentialAction\":[{\"@type\":\"SearchAction\",\"target\":{\"@type\":\"EntryPoint\",\"urlTemplate\":\"https:\\\/\\\/set-hr.com\\\/bg\\\/?s={search_term_string}\"},\"query-input\":{\"@type\":\"PropertyValueSpecification\",\"valueRequired\":true,\"valueName\":\"search_term_string\"}}],\"inLanguage\":\"bg-BG\"},{\"@type\":\"Organization\",\"@id\":\"https:\\\/\\\/set-hr.com\\\/bg\\\/#organization\",\"name\":\"SET HR\",\"url\":\"https:\\\/\\\/set-hr.com\\\/bg\\\/\",\"logo\":{\"@type\":\"ImageObject\",\"inLanguage\":\"bg-BG\",\"@id\":\"https:\\\/\\\/set-hr.com\\\/bg\\\/#\\\/schema\\\/logo\\\/image\\\/\",\"url\":\"https:\\\/\\\/set-hr.com\\\/wp-content\\\/uploads\\\/2022\\\/10\\\/Transparent-Logo.png\",\"contentUrl\":\"https:\\\/\\\/set-hr.com\\\/wp-content\\\/uploads\\\/2022\\\/10\\\/Transparent-Logo.png\",\"width\":2029,\"height\":1063,\"caption\":\"SET HR\"},\"image\":{\"@id\":\"https:\\\/\\\/set-hr.com\\\/bg\\\/#\\\/schema\\\/logo\\\/image\\\/\"},\"sameAs\":[\"https:\\\/\\\/www.facebook.com\\\/SETHRGlobalRecruitment\"]}]}<\/script>\n<!-- \/ Yoast SEO plugin. -->","yoast_head_json":{"title":"Sobre nosotros - SET HR","robots":{"index":"index","follow":"follow","max-snippet":"max-snippet:-1","max-image-preview":"max-image-preview:large","max-video-preview":"max-video-preview:-1"},"canonical":"https:\/\/set-hr.com\/bg\/sobre-nosotros\/","og_locale":"bg_BG","og_type":"article","og_title":"Sobre nosotros - SET HR","og_description":"Faq Por qu\u00e9 SET-HR \u00bfCu\u00e1l es nuestra misi\u00f3n? SET HR es una agencia de personal dedicada a encontrar los profesionales","og_url":"https:\/\/set-hr.com\/bg\/sobre-nosotros\/","og_site_name":"SET HR","article_publisher":"https:\/\/www.facebook.com\/SETHRGlobalRecruitment","og_image":[{"url":"https:\/\/set-hr.com\/wp-content\/uploads\/2017\/09\/author-600x480.jpg","type":"","width":"","height":""}],"twitter_card":"summary_large_image","twitter_misc":{"Est. reading time":"2 \u043c\u0438\u043d\u0443\u0442\u0438"},"schema":{"@context":"https:\/\/schema.org","@graph":[{"@type":"WebPage","@id":"https:\/\/set-hr.com\/bg\/sobre-nosotros\/","url":"https:\/\/set-hr.com\/bg\/sobre-nosotros\/","name":"Sobre nosotros - SET HR","isPartOf":{"@id":"https:\/\/set-hr.com\/bg\/#website"},"primaryImageOfPage":{"@id":"https:\/\/set-hr.com\/bg\/sobre-nosotros\/#primaryimage"},"image":{"@id":"https:\/\/set-hr.com\/bg\/sobre-nosotros\/#primaryimage"},"thumbnailUrl":"https:\/\/set-hr.com\/wp-content\/uploads\/2017\/09\/author-600x480.jpg","datePublished":"2019-02-20T08:49:02+00:00","breadcrumb":{"@id":"https:\/\/set-hr.com\/bg\/sobre-nosotros\/#breadcrumb"},"inLanguage":"bg-BG","potentialAction":[{"@type":"ReadAction","target":["https:\/\/set-hr.com\/bg\/sobre-nosotros\/"]}]},{"@type":"ImageObject","inLanguage":"bg-BG","@id":"https:\/\/set-hr.com\/bg\/sobre-nosotros\/#primaryimage","url":"https:\/\/set-hr.com\/wp-content\/uploads\/2017\/09\/author-600x480.jpg","contentUrl":"https:\/\/set-hr.com\/wp-content\/uploads\/2017\/09\/author-600x480.jpg"},{"@type":"BreadcrumbList","@id":"https:\/\/set-hr.com\/bg\/sobre-nosotros\/#breadcrumb","itemListElement":[{"@type":"ListItem","position":1,"name":"\u041d\u0430\u0447\u0430\u043b\u043e","item":"https:\/\/set-hr.com\/bg\/"},{"@type":"ListItem","position":2,"name":"Sobre nosotros"}]},{"@type":"WebSite","@id":"https:\/\/set-hr.com\/bg\/#website","url":"https:\/\/set-hr.com\/bg\/","name":"SET HR","description":"\u041f\u043e\u0434\u0431\u043e\u0440 \u043d\u0430 \u043f\u0435\u0440\u0441\u043e\u043d\u0430\u043b","publisher":{"@id":"https:\/\/set-hr.com\/bg\/#organization"},"potentialAction":[{"@type":"SearchAction","target":{"@type":"EntryPoint","urlTemplate":"https:\/\/set-hr.com\/bg\/?s={search_term_string}"},"query-input":{"@type":"PropertyValueSpecification","valueRequired":true,"valueName":"search_term_string"}}],"inLanguage":"bg-BG"},{"@type":"Organization","@id":"https:\/\/set-hr.com\/bg\/#organization","name":"SET HR","url":"https:\/\/set-hr.com\/bg\/","logo":{"@type":"ImageObject","inLanguage":"bg-BG","@id":"https:\/\/set-hr.com\/bg\/#\/schema\/logo\/image\/","url":"https:\/\/set-hr.com\/wp-content\/uploads\/2022\/10\/Transparent-Logo.png","contentUrl":"https:\/\/set-hr.com\/wp-content\/uploads\/2022\/10\/Transparent-Logo.png","width":2029,"height":1063,"caption":"SET HR"},"image":{"@id":"https:\/\/set-hr.com\/bg\/#\/schema\/logo\/image\/"},"sameAs":["https:\/\/www.facebook.com\/SETHRGlobalRecruitment"]}]}},"_links":{"self":[{"href":"https:\/\/set-hr.com\/bg\/wp-json\/wp\/v2\/pages\/4876","targetHints":{"allow":["GET"]}}],"collection":[{"href":"https:\/\/set-hr.com\/bg\/wp-json\/wp\/v2\/pages"}],"about":[{"href":"https:\/\/set-hr.com\/bg\/wp-json\/wp\/v2\/types\/page"}],"author":[{"embeddable":true,"href":"https:\/\/set-hr.com\/bg\/wp-json\/wp\/v2\/users\/1"}],"replies":[{"embeddable":true,"href":"https:\/\/set-hr.com\/bg\/wp-json\/wp\/v2\/comments?post=4876"}],"version-history":[{"count":0,"href":"https:\/\/set-hr.com\/bg\/wp-json\/wp\/v2\/pages\/4876\/revisions"}],"wp:attachment":[{"href":"https:\/\/set-hr.com\/bg\/wp-json\/wp\/v2\/media?parent=4876"}],"curies":[{"name":"wp","href":"https:\/\/api.w.org\/{rel}","templated":true}]}}