{"id":5780,"date":"2017-09-12T14:40:52","date_gmt":"2017-09-12T14:40:52","guid":{"rendered":"https:\/\/set-hr.com\/empleadores\/"},"modified":"2017-09-12T14:40:52","modified_gmt":"2017-09-12T14:40:52","slug":"empleadores","status":"publish","type":"page","link":"https:\/\/set-hr.com\/fr\/empleadores\/","title":{"rendered":"Empleadores"},"content":{"rendered":"<p><span style=\"font-weight: 400;\">Trouver le candidat id\u00e9al pour un poste dans votre entreprise peut \u00eatre un processus long et difficile. \u00bfPourquoi ne pas faire en sorte que les experts en emploi s&rsquo;occupent d&rsquo;eux de mani\u00e8re rapide et efficace ?<\/span><\/p>\n<p><b>SET HR&nbsp;<\/b><span style=\"font-weight: 400;\">ofrece a los empresarios servicios profesionales para ayudarles a encontrar los mejores candidatos para incorporarse a la plantilla. Recogemos datos sobre su experiencia, sus cualificaciones y su idoneidad para el puesto anunciado. Analizamos, comparamos y, con m\u00e9todos profesionales, evaluamos cuidadosamente a los candidatos m\u00e1s adecuados para proporcionarle referencias.&nbsp;<\/span><\/p>\n<p><span style=\"font-weight: 400;\">Nos experts tiennent compte de vos exigences et de vos pr\u00e9f\u00e9rences, de sorte que nous n&rsquo;envoyons que les candidats les plus appropri\u00e9s en fonction de ces derniers, facilitant ainsi vos d\u00e9cisions.<\/span><\/p>\n<p><span style=\"font-weight: 400;\">Ne sacrifiez pas votre temps et vos ressources \u00e0 un processus de recrutement long et parfois inefficace, demandez plut\u00f4t les services de nos experts qui m\u00e8neront \u00e0 bien un recrutement professionnel et vous fourniront le personnel dont vous avez besoin.&nbsp;<\/span><\/p>\n<p><span style=\"font-weight: 400;\">Nos nombreuses ann\u00e9es d&rsquo;exp\u00e9rience dans la gestion des processus administratifs et des ressources humaines garantissent \u00e0 votre entreprise un avantage dans la s\u00e9lection des ressources humaines.<\/span><\/p>\n<p><span style=\"font-weight: 400;\">Contact avec<\/span><b>&nbsp;SET HR&nbsp;<\/b><span style=\"font-weight: 400;\">hoy para guiarle a trav\u00e9s de nuestro proceso y proporcionarle nuestros servicios.&nbsp;<\/span><\/p>\n","protected":false},"excerpt":{"rendered":"<p>Trouver le candidat id\u00e9al pour un poste dans votre entreprise peut \u00eatre un processus long et difficile. \u00bfPourquoi ne pas<\/p>\n","protected":false},"author":1,"featured_media":0,"parent":0,"menu_order":0,"comment_status":"closed","ping_status":"closed","template":"","meta":{"footnotes":""},"class_list":["post-5780","page","type-page","status-publish","hentry"],"yoast_head":"<!-- This site is optimized with the Yoast SEO plugin v27.5 - https:\/\/yoast.com\/product\/yoast-seo-wordpress\/ -->\n<title>Empleadores - SET HR<\/title>\n<meta name=\"robots\" content=\"index, follow, max-snippet:-1, max-image-preview:large, max-video-preview:-1\" \/>\n<link rel=\"canonical\" href=\"https:\/\/set-hr.com\/fr\/empleadores\/\" \/>\n<meta property=\"og:locale\" content=\"fr_FR\" \/>\n<meta property=\"og:type\" content=\"article\" \/>\n<meta property=\"og:title\" content=\"Empleadores - SET HR\" \/>\n<meta property=\"og:description\" content=\"Trouver le candidat id\u00e9al pour un poste dans votre entreprise peut \u00eatre un processus long et difficile. \u00bfPourquoi ne pas\" \/>\n<meta property=\"og:url\" content=\"https:\/\/set-hr.com\/fr\/empleadores\/\" \/>\n<meta property=\"og:site_name\" content=\"SET HR\" \/>\n<meta property=\"article:publisher\" content=\"https:\/\/www.facebook.com\/SETHRGlobalRecruitment\" \/>\n<meta name=\"twitter:card\" content=\"summary_large_image\" \/>\n<meta name=\"twitter:label1\" content=\"Dur\u00e9e de lecture estim\u00e9e\" \/>\n\t<meta name=\"twitter:data1\" content=\"1 minute\" \/>\n<script type=\"application\/ld+json\" class=\"yoast-schema-graph\">{\"@context\":\"https:\\\/\\\/schema.org\",\"@graph\":[{\"@type\":\"WebPage\",\"@id\":\"https:\\\/\\\/set-hr.com\\\/fr\\\/empleadores\\\/\",\"url\":\"https:\\\/\\\/set-hr.com\\\/fr\\\/empleadores\\\/\",\"name\":\"Empleadores - SET HR\",\"isPartOf\":{\"@id\":\"https:\\\/\\\/set-hr.com\\\/fr\\\/#website\"},\"datePublished\":\"2017-09-12T14:40:52+00:00\",\"breadcrumb\":{\"@id\":\"https:\\\/\\\/set-hr.com\\\/fr\\\/empleadores\\\/#breadcrumb\"},\"inLanguage\":\"fr-FR\",\"potentialAction\":[{\"@type\":\"ReadAction\",\"target\":[\"https:\\\/\\\/set-hr.com\\\/fr\\\/empleadores\\\/\"]}]},{\"@type\":\"BreadcrumbList\",\"@id\":\"https:\\\/\\\/set-hr.com\\\/fr\\\/empleadores\\\/#breadcrumb\",\"itemListElement\":[{\"@type\":\"ListItem\",\"position\":1,\"name\":\"\u041d\u0430\u0447\u0430\u043b\u043e\",\"item\":\"https:\\\/\\\/set-hr.com\\\/fr\\\/\"},{\"@type\":\"ListItem\",\"position\":2,\"name\":\"Empleadores\"}]},{\"@type\":\"WebSite\",\"@id\":\"https:\\\/\\\/set-hr.com\\\/fr\\\/#website\",\"url\":\"https:\\\/\\\/set-hr.com\\\/fr\\\/\",\"name\":\"SET HR\",\"description\":\"\u041f\u043e\u0434\u0431\u043e\u0440 \u043d\u0430 \u043f\u0435\u0440\u0441\u043e\u043d\u0430\u043b\",\"publisher\":{\"@id\":\"https:\\\/\\\/set-hr.com\\\/fr\\\/#organization\"},\"potentialAction\":[{\"@type\":\"SearchAction\",\"target\":{\"@type\":\"EntryPoint\",\"urlTemplate\":\"https:\\\/\\\/set-hr.com\\\/fr\\\/?s={search_term_string}\"},\"query-input\":{\"@type\":\"PropertyValueSpecification\",\"valueRequired\":true,\"valueName\":\"search_term_string\"}}],\"inLanguage\":\"fr-FR\"},{\"@type\":\"Organization\",\"@id\":\"https:\\\/\\\/set-hr.com\\\/fr\\\/#organization\",\"name\":\"SET HR\",\"url\":\"https:\\\/\\\/set-hr.com\\\/fr\\\/\",\"logo\":{\"@type\":\"ImageObject\",\"inLanguage\":\"fr-FR\",\"@id\":\"https:\\\/\\\/set-hr.com\\\/fr\\\/#\\\/schema\\\/logo\\\/image\\\/\",\"url\":\"https:\\\/\\\/set-hr.com\\\/wp-content\\\/uploads\\\/2022\\\/10\\\/Transparent-Logo.png\",\"contentUrl\":\"https:\\\/\\\/set-hr.com\\\/wp-content\\\/uploads\\\/2022\\\/10\\\/Transparent-Logo.png\",\"width\":2029,\"height\":1063,\"caption\":\"SET HR\"},\"image\":{\"@id\":\"https:\\\/\\\/set-hr.com\\\/fr\\\/#\\\/schema\\\/logo\\\/image\\\/\"},\"sameAs\":[\"https:\\\/\\\/www.facebook.com\\\/SETHRGlobalRecruitment\"]}]}<\/script>\n<!-- \/ Yoast SEO plugin. -->","yoast_head_json":{"title":"Empleadores - SET HR","robots":{"index":"index","follow":"follow","max-snippet":"max-snippet:-1","max-image-preview":"max-image-preview:large","max-video-preview":"max-video-preview:-1"},"canonical":"https:\/\/set-hr.com\/fr\/empleadores\/","og_locale":"fr_FR","og_type":"article","og_title":"Empleadores - SET HR","og_description":"Trouver le candidat id\u00e9al pour un poste dans votre entreprise peut \u00eatre un processus long et difficile. \u00bfPourquoi ne pas","og_url":"https:\/\/set-hr.com\/fr\/empleadores\/","og_site_name":"SET HR","article_publisher":"https:\/\/www.facebook.com\/SETHRGlobalRecruitment","twitter_card":"summary_large_image","twitter_misc":{"Dur\u00e9e de lecture estim\u00e9e":"1 minute"},"schema":{"@context":"https:\/\/schema.org","@graph":[{"@type":"WebPage","@id":"https:\/\/set-hr.com\/fr\/empleadores\/","url":"https:\/\/set-hr.com\/fr\/empleadores\/","name":"Empleadores - SET HR","isPartOf":{"@id":"https:\/\/set-hr.com\/fr\/#website"},"datePublished":"2017-09-12T14:40:52+00:00","breadcrumb":{"@id":"https:\/\/set-hr.com\/fr\/empleadores\/#breadcrumb"},"inLanguage":"fr-FR","potentialAction":[{"@type":"ReadAction","target":["https:\/\/set-hr.com\/fr\/empleadores\/"]}]},{"@type":"BreadcrumbList","@id":"https:\/\/set-hr.com\/fr\/empleadores\/#breadcrumb","itemListElement":[{"@type":"ListItem","position":1,"name":"\u041d\u0430\u0447\u0430\u043b\u043e","item":"https:\/\/set-hr.com\/fr\/"},{"@type":"ListItem","position":2,"name":"Empleadores"}]},{"@type":"WebSite","@id":"https:\/\/set-hr.com\/fr\/#website","url":"https:\/\/set-hr.com\/fr\/","name":"SET HR","description":"\u041f\u043e\u0434\u0431\u043e\u0440 \u043d\u0430 \u043f\u0435\u0440\u0441\u043e\u043d\u0430\u043b","publisher":{"@id":"https:\/\/set-hr.com\/fr\/#organization"},"potentialAction":[{"@type":"SearchAction","target":{"@type":"EntryPoint","urlTemplate":"https:\/\/set-hr.com\/fr\/?s={search_term_string}"},"query-input":{"@type":"PropertyValueSpecification","valueRequired":true,"valueName":"search_term_string"}}],"inLanguage":"fr-FR"},{"@type":"Organization","@id":"https:\/\/set-hr.com\/fr\/#organization","name":"SET HR","url":"https:\/\/set-hr.com\/fr\/","logo":{"@type":"ImageObject","inLanguage":"fr-FR","@id":"https:\/\/set-hr.com\/fr\/#\/schema\/logo\/image\/","url":"https:\/\/set-hr.com\/wp-content\/uploads\/2022\/10\/Transparent-Logo.png","contentUrl":"https:\/\/set-hr.com\/wp-content\/uploads\/2022\/10\/Transparent-Logo.png","width":2029,"height":1063,"caption":"SET HR"},"image":{"@id":"https:\/\/set-hr.com\/fr\/#\/schema\/logo\/image\/"},"sameAs":["https:\/\/www.facebook.com\/SETHRGlobalRecruitment"]}]}},"_links":{"self":[{"href":"https:\/\/set-hr.com\/fr\/wp-json\/wp\/v2\/pages\/5780","targetHints":{"allow":["GET"]}}],"collection":[{"href":"https:\/\/set-hr.com\/fr\/wp-json\/wp\/v2\/pages"}],"about":[{"href":"https:\/\/set-hr.com\/fr\/wp-json\/wp\/v2\/types\/page"}],"author":[{"embeddable":true,"href":"https:\/\/set-hr.com\/fr\/wp-json\/wp\/v2\/users\/1"}],"replies":[{"embeddable":true,"href":"https:\/\/set-hr.com\/fr\/wp-json\/wp\/v2\/comments?post=5780"}],"version-history":[{"count":0,"href":"https:\/\/set-hr.com\/fr\/wp-json\/wp\/v2\/pages\/5780\/revisions"}],"wp:attachment":[{"href":"https:\/\/set-hr.com\/fr\/wp-json\/wp\/v2\/media?parent=5780"}],"curies":[{"name":"wp","href":"https:\/\/api.w.org\/{rel}","templated":true}]}}