{"id":5786,"date":"2019-02-20T08:49:02","date_gmt":"2019-02-20T08:49:02","guid":{"rendered":"https:\/\/set-hr.com\/a-propos-de-nous-2\/"},"modified":"2019-02-20T08:49:02","modified_gmt":"2019-02-20T08:49:02","slug":"a-propos-de-nous-2","status":"publish","type":"page","link":"https:\/\/set-hr.com\/fr\/a-propos-de-nous-2\/","title":{"rendered":"A propos de nous"},"content":{"rendered":"<section class=\"fw-main-row ls section_padding_top_100 section_padding_bottom_100 columns_padding_15 horizontal-paddings-0\">\n<h3 class=\"hidden\">  Faq<\/h3>\n<div class=\"container\">\n<div class=\"row\">\n<div class=\"col-xs-12\">\n<div class=\"special-heading text-left\">\n<h3 class=\"section_header margin_0 \">\n\t<span class=\" medium text-uppercase\"><br \/>\n  Pourquoi SET-HR  <\/span><br \/>\n\t<\/h3>\n<\/div>\n<div class=\"fw-divider-space \" style=\"margin-top: 25px\"><\/div>\n<div class=\"fw-divider-line\">\n<hr>\n<\/div>\n<div class=\"fw-divider-space \" style=\"margin-top: 25px\"><\/div>\n<\/div>\n<div class=\"col-xs-12 col-md-6 to_animate text-left\" data-animation=\"slideRight\">\n<div class=\"bootstrap-accordion\">\n<div class=\"panel-group\" id=\"accordion-1618d42fbd0a70d0253beb9a4923f7de\">\n<div class=\"panel panel-default\">\n<div class=\"panel-heading\">\n<h4 class=\"panel-title\">\n\t\t\t\t\t\t<a class=\"\" href=\"#collapse-1618d42fbd0a70d0253beb9a4923f7de-0\" data-toggle=\"collapse\" data-parent=\"#accordion-1618d42fbd0a70d0253beb9a4923f7de\"><br \/>\n\t\t\t\t\t\t\t\t\t\t\t\t\t\t\t<i class=\"fa fa-pencil\"><\/i><br \/>\n  \u00bfCu\u00e1l es nuestra misi\u00f3n ?  <\/a><br \/>\n\t\t\t\t\t<\/h4>\n<\/p><\/div>\n<div id=\"collapse-1618d42fbd0a70d0253beb9a4923f7de-0\" class=\"panel-collapse collapse in\">\n<div class=\"panel-body\">\n  SET HR est une agence de personnel d\u00e9di\u00e9e \u00e0 la recherche des professionnels ad\u00e9quats pour leur entreprise et \u00e0 la recherche de la position professionnelle ad\u00e9quate pour chaque professionnel. Notre \u00e9quipe compte plus de 15 ans d&rsquo;exp\u00e9rience dans la gestion des processus d&rsquo;entreprise et des ressources humaines, ce qui nous permet de garantir le succ\u00e8s dans les deux sens du processus de recrutement.  <\/div>\n<\/p><\/div>\n<\/p><\/div>\n<div class=\"panel panel-default\">\n<div class=\"panel-heading\">\n<h4 class=\"panel-title\">\n\t\t\t\t\t\t<a class=\"collapsed\" href=\"#collapse-1618d42fbd0a70d0253beb9a4923f7de-1\" data-toggle=\"collapse\" data-parent=\"#accordion-1618d42fbd0a70d0253beb9a4923f7de\"><br \/>\n\t\t\t\t\t\t\t\t\t\t\t\t\t\t\t<i class=\"fa fa-pencil\"><\/i><br \/>\n  \u00bfC\u00f3mo podemos ser \u00fatiles ?  <\/a><br \/>\n\t\t\t\t\t<\/h4>\n<\/p><\/div>\n<div id=\"collapse-1618d42fbd0a70d0253beb9a4923f7de-1\" class=\"panel-collapse collapse \">\n<div class=\"panel-body\">\n  SET HR a acc\u00e8s \u00e0 des personnels et des professionnels de niveau international. Nous trouvons, contractons et r\u00e9cup\u00e9rons des contractants et des employ\u00e9s de haute qualit\u00e9 pour des d\u00e9lais d&rsquo;ex\u00e9cution courts, des volumes \u00e9lev\u00e9s et des exigences professionnelles sp\u00e9cifiques. Nous offrons des services d&rsquo;assistance et d&rsquo;aide professionnelle en mati\u00e8re de recrutement aux entrepreneurs.  <\/div>\n<\/p><\/div>\n<\/p><\/div>\n<div class=\"panel panel-default\">\n<div class=\"panel-heading\">\n<h4 class=\"panel-title\">\n\t\t\t\t\t\t<a class=\"collapsed\" href=\"#collapse-1618d42fbd0a70d0253beb9a4923f7de-2\" data-toggle=\"collapse\" data-parent=\"#accordion-1618d42fbd0a70d0253beb9a4923f7de\"><br \/>\n\t\t\t\t\t\t\t\t\t\t\t\t\t\t\t<i class=\"fa fa-pencil\"><\/i><br \/>\n  \u00bfQu\u00e9 nos hace diferentes ?  <\/a><br \/>\n\t\t\t\t\t<\/h4>\n<\/p><\/div>\n<div id=\"collapse-1618d42fbd0a70d0253beb9a4923f7de-2\" class=\"panel-collapse collapse \">\n<div class=\"panel-body\">\n  L&rsquo;\u00e9quipe de RRHH de SET est dirig\u00e9e par des sp\u00e9cialistes de divers secteurs. El equipo ofrece soluciones empresariales integrales basadas en nuestra experiencia y conocimientos en los distintos mercados con los que trabajamos, as\u00ed como en nuestro conocimiento de las necesidades de las empresas y los candidatos.  <\/div>\n<\/p><\/div>\n<\/p><\/div>\n<div class=\"panel panel-default\">\n<div class=\"panel-heading\">\n<h4 class=\"panel-title\">\n\t\t\t\t\t\t<a class=\"collapsed\" href=\"#collapse-1618d42fbd0a70d0253beb9a4923f7de-3\" data-toggle=\"collapse\" data-parent=\"#accordion-1618d42fbd0a70d0253beb9a4923f7de\"><br \/>\n\t\t\t\t\t\t\t\t\t\t\t\t\t\t\t<i class=\"fa fa-pencil\"><\/i><br \/>\n  S\u00e9lection ad\u00e9quate du personnel  <\/a><br \/>\n\t\t\t\t\t<\/h4>\n<\/p><\/div>\n<div id=\"collapse-1618d42fbd0a70d0253beb9a4923f7de-3\" class=\"panel-collapse collapse \">\n<div class=\"panel-body\">\n  Les solutions de recrutement de SET HR, qui respectent les normes, fournissent des comp\u00e9tences essentielles aux entreprises, tout en offrant aux demandeurs d&#8217;emploi des services de qualit\u00e9, une r\u00e9mun\u00e9ration juste et une progression professionnelle avec une vision d&rsquo;avenir. Somos una consultor\u00eda profesional registrada que ofrece recursos de empleo y desarrollo profesional de alta calidad.  <\/div>\n<\/p><\/div>\n<\/p><\/div>\n<\/p><\/div>\n<\/div>\n<\/div>\n<div class=\"col-xs-12 col-md-6\">\n\t<img loading=\"lazy\" decoding=\"async\" src=\"https:\/\/set-hr.com\/wp-content\/uploads\/2017\/09\/author-600x480.jpg\" alt=\"https:\/\/set-hr.com\/wp-content\/uploads\/2017\/09\/author-600x480.jpg\" width=\"600\" height=\"480\"><\/div>\n<\/p><\/div>\n<\/p><\/div>\n<\/section>\n<section class=\"fw-main-row ls section_padding_top_100 section_padding_bottom_100 columns_padding_15\" style=\"background-image:url(https:\/\/set-hr.com\/wp-content\/uploads\/2017\/06\/texture2.jpg)\">\n<h3 class=\"hidden\">  Nos services<\/h3>\n<div class=\"container\">\n<div class=\"row\">\n<div class=\"col-xs-12\">\n<div class=\"special-heading text-center\">\n<h3 class=\"section_header margin_0 \">\n\t<span class=\" medium text-uppercase\"><br \/>\n  Nos services  <\/span><br \/>\n\t<\/h3>\n<p class=\" paragraph\">\n\t<span class=\" medium text-uppercase\"><br \/>\n  Travailler pour obtenir des r\u00e9sultats  <\/span>\n\t<\/p>\n<\/div>\n<div class=\"fw-divider-line\">\n<hr>\n<\/div>\n<div class=\"fw-divider-space \" style=\"margin-top: 25px\"><\/div>\n<\/div>\n<div class=\"col-xs-12\">\n<div class=\"columns_padding_15\">\n<div class=\"isotope_container isotope row masonry-layout\">\n<div class=\"isotope-item col-lg-4 col-md-4 col-sm-6 col-xs-12 services \">\n<div class=\"service_item vertical-item content-padding with_shadow text-center overflow-hidden\">\n<div class=\"item-media\">\n                <a href=\"\/?p=3529\"><br \/>\n\t\t\t\t<img decoding=\"async\" width=\"640\" height=\"427\" src=\"https:\/\/set-hr.com\/wp-content\/uploads\/2017\/09\/jason-goodman-wVh5grSMYaY-unsplash.jpg\" class=\"attachment-human-consult-services size-human-consult-services wp-post-image\" alt=\"\" loading=\"lazy\">                <\/a>\n\t\t\t<\/div>\n<div class=\"item-content\">\n<h5 class=\"entry-title medium\">\n\t\t\t<a href=\"\/?p=3529\"><br \/>\n  Contrataci\u00f3n  <\/a><br \/>\n\t\t<\/h5>\n<div class=\"excerpt\">\n<p>Contrataci\u00f3n de personal, especialistas, expertos y directivos.<\/p>\n<\/p><\/div>\n<\/p><\/div>\n<p><!-- eof .item-content -->\n<\/div>\n<p><!-- eof .teaser -->\n\t\t\t<\/div>\n<div class=\"isotope-item col-lg-4 col-md-4 col-sm-6 col-xs-12 services \">\n<div class=\"service_item vertical-item content-padding with_shadow text-center overflow-hidden\">\n<div class=\"item-media\">\n                <a href=\"\/?p=3528\"><br \/>\n\t\t\t\t<img decoding=\"async\" width=\"640\" height=\"427\" src=\"https:\/\/set-hr.com\/wp-content\/uploads\/2017\/09\/cytonn-photography-n95VMLxqM2I-unsplash.jpg\" class=\"attachment-human-consult-services size-human-consult-services wp-post-image\" alt=\"\" loading=\"lazy\">                <\/a>\n\t\t\t<\/div>\n<div class=\"item-content\">\n<h5 class=\"entry-title medium\">\n\t\t\t<a href=\"\/?p=3528\"><br \/>\n  Administration du personnel  <\/a><br \/>\n\t\t<\/h5>\n<div class=\"excerpt\">\n<p>Redacci\u00f3n de contractos de trabajo, acuerdos complementarios y \u00f3rdenes de terminaci\u00f3n ;<br \/>\nPr\u00e9paration des contrats civils et des comptes des importations pay\u00e9es&#8230;<\/p>\n<\/p><\/div>\n<\/p><\/div>\n<p><!-- eof .item-content -->\n<\/div>\n<p><!-- eof .teaser -->\n\t\t\t<\/div>\n<div class=\"isotope-item col-lg-4 col-md-4 col-sm-6 col-xs-12 services \">\n<div class=\"service_item vertical-item content-padding with_shadow text-center overflow-hidden\">\n<div class=\"item-media\">\n                <a href=\"\/?p=3527\"><br \/>\n\t\t\t\t<img decoding=\"async\" width=\"640\" height=\"427\" src=\"https:\/\/set-hr.com\/wp-content\/uploads\/2017\/09\/scott-graham-5fNmWej4tAA-unsplash.jpg\" class=\"attachment-human-consult-services size-human-consult-services wp-post-image\" alt=\"\" loading=\"lazy\">                <\/a>\n\t\t\t<\/div>\n<div class=\"item-content\">\n<h5 class=\"entry-title medium\">\n\t\t\t<a href=\"\/?p=3527\"><br \/>\n  Services de comptabilit\u00e9 et services aux mineurs  <\/a><br \/>\n\t\t<\/h5>\n<div class=\"excerpt\">\n<p>Contabilidad, N\u00f3mina, Auditor\u00eda<\/p>\n<\/p><\/div>\n<\/p><\/div>\n<p><!-- eof .item-content -->\n<\/div>\n<p><!-- eof .teaser -->\n\t\t\t<\/div>\n<div class=\"isotope-item col-lg-4 col-md-4 col-sm-6 col-xs-12 services \">\n<div class=\"service_item vertical-item content-padding with_shadow text-center overflow-hidden\">\n<div class=\"item-media\">\n                <a href=\"\/?p=3526\"><br \/>\n\t\t\t\t<img decoding=\"async\" width=\"640\" height=\"427\" src=\"https:\/\/set-hr.com\/wp-content\/uploads\/2017\/09\/hunters-race-MYbhN8KaaEc-unsplash.jpg\" class=\"attachment-human-consult-services size-human-consult-services wp-post-image\" alt=\"\" loading=\"lazy\">                <\/a>\n\t\t\t<\/div>\n<div class=\"item-content\">\n<h5 class=\"entry-title medium\">\n\t\t\t<a href=\"\/?p=3526\"><br \/>\n  Services aux entreprises  <\/a><br \/>\n\t\t<\/h5>\n<div class=\"excerpt\">\n<p>Registro de empresas comerciales, registro de establecimientos comerciales y mediaci\u00f3n para la emisi\u00f3n de un dictamen por parte de la Agencia Alimentaria si el establecimiento est\u00e1 destinado al comercio de alimentos y productos derivados.<\/p>\n<\/p><\/div>\n<\/p><\/div>\n<p><!-- eof .item-content -->\n<\/div>\n<p><!-- eof .teaser -->\n\t\t\t<\/div>\n<div class=\"isotope-item col-lg-4 col-md-4 col-sm-6 col-xs-12 services \">\n<div class=\"service_item vertical-item content-padding with_shadow text-center overflow-hidden\">\n<div class=\"item-media\">\n                <a href=\"\/?p=3525\"><br \/>\n\t\t\t\t<img decoding=\"async\" width=\"640\" height=\"427\" src=\"https:\/\/set-hr.com\/wp-content\/uploads\/2017\/09\/headway-5QgIuuBxKwM-unsplash.jpg\" class=\"attachment-human-consult-services size-human-consult-services wp-post-image\" alt=\"\" loading=\"lazy\">                <\/a>\n\t\t\t<\/div>\n<div class=\"item-content\">\n<h5 class=\"entry-title medium\">\n\t\t\t<a href=\"\/?p=3525\"><br \/>\n  H\u00e9bergement et logistique  <\/a><br \/>\n\t\t<\/h5>\n<div class=\"excerpt\">\n<p>Garantir le processus global d&rsquo;int\u00e9gration des travailleurs.<\/p>\n<\/p><\/div>\n<\/p><\/div>\n<p><!-- eof .item-content -->\n<\/div>\n<p><!-- eof .teaser -->\n\t\t\t<\/div>\n<div class=\"isotope-item col-lg-4 col-md-4 col-sm-6 col-xs-12 services \">\n<div class=\"service_item vertical-item content-padding with_shadow text-center overflow-hidden\">\n<div class=\"item-media\">\n                <a href=\"\/?p=3232\"><br \/>\n\t\t\t\t<img decoding=\"async\" width=\"640\" height=\"427\" src=\"https:\/\/set-hr.com\/wp-content\/uploads\/2017\/09\/conor-brown-TWxNr5ZpxJM-unsplash.jpg\" class=\"attachment-human-consult-services size-human-consult-services wp-post-image\" alt=\"Contratistas\" loading=\"lazy\">                <\/a>\n\t\t\t<\/div>\n<div class=\"item-content\">\n<h5 class=\"entry-title medium\">\n\t\t\t<a href=\"\/?p=3232\"><br \/>\n  Contratistas  <\/a><br \/>\n\t\t<\/h5>\n<div class=\"excerpt\">\n<p>Personal para asuntos internacionales en todo el mundo.<\/p>\n<\/p><\/div>\n<\/p><\/div>\n<p><!-- eof .item-content -->\n<\/div>\n<p><!-- eof .teaser -->\n\t\t\t<\/div>\n<\/p><\/div>\n<p><!-- eof .isotope_container -->\n<\/div>\n<p><!-- eof .columns_padding_* --><\/div>\n<\/p><\/div>\n<\/p><\/div>\n<\/section>\n<section class=\"fw-main-row ls section_padding_top_0 section_padding_bottom_0 columns_padding_0 fullwidth-section\">\n<h3 class=\"hidden\">  Carter 2<\/h3>\n<div class=\"container-fluid\">\n<div class=\"row\">\n<div class=\"col-xs-12\">\n\t<\/div>\n<\/p><\/div>\n<\/p><\/div>\n<\/section>\n<section class=\"fw-main-row ls section_padding_top_100 section_padding_bottom_100 columns_padding_15\">\n<h3 class=\"hidden\">  Gr\u00e1fico circular<\/h3>\n<div class=\"container\">\n<div class=\"row\">\n<div class=\"col-xs-12\">\n<div class=\"special-heading text-center\">\n<h3 class=\"section_header margin_0 \">\n\t<span class=\" medium text-uppercase\"><br \/>\n  Contactez nous  <\/span><br \/>\n\t<\/h3>\n<\/div>\n<div class=\"fw-divider-space \" style=\"margin-top: 50px\"><\/div>\n<\/div>\n<div class=\"col-xs-12 col-md-4 text-center\">\n\t<\/div>\n<div class=\"col-xs-12 col-md-4 text-center\">\n\t<\/div>\n<div class=\"col-xs-12 col-md-4 text-center\">\n\t<\/div>\n<\/p><\/div>\n<\/p><\/div>\n<\/section>\n<section class=\"fw-main-row ls section_padding_top_50 section_padding_bottom_30 columns_padding_15\">\n<h3 class=\"hidden\">  Icono<\/h3>\n<div class=\"container\">\n<div class=\"row\">\n<div class=\"col-xs-12 col-md-3\">\n<div class=\"teaser icon_top text-center color_1\">\n<div class=\"teaser_icon size_normal bg_color round teaser_gradient color_1\">\n\t\t\t<i class=\"fa fa-map-marker\"><\/i>\n\t\t<\/div>\n<h3>\n<p>  Direcci\u00f3n<br \/>\n\t\t\t\t<\/h3>\n<p>\n  Calle Polk Stoyno Baciiski 44  <\/p>\n<\/p><\/div>\n<\/p><\/div>\n<div class=\"col-xs-12 col-md-3\">\n<div class=\"teaser icon_top text-center color_1\">\n<div class=\"teaser_icon size_normal bg_color round teaser_gradient color_1\">\n\t\t\t<i class=\"fa fa-volume-control-phone\"><\/i>\n\t\t<\/div>\n<h3>\n<p>  Ll\u00e1mese a s\u00ed mismo<br \/>\n\t\t\t\t<\/h3>\n<p>\n  +359-988-819-635  <\/p>\n<\/p><\/div>\n<\/p><\/div>\n<div class=\"col-xs-12 col-md-3\">\n<div class=\"teaser icon_top text-center color_1\">\n<div class=\"teaser_icon size_normal bg_color round teaser_gradient color_1\">\n\t\t\t<i class=\"rt-icon2-mail3\"><\/i>\n\t\t<\/div>\n<h3>\n<p>  Envoyer un correo electr\u00f3nico \u00e0<br \/>\n\t\t\t\t<\/h3>\n<p>\n info@set-hr.com <\/p>\n<\/p><\/div>\n<\/p><\/div>\n<div class=\"col-xs-12 col-md-3\">\n<div class=\"teaser icon_top text-center color_1\">\n<div class=\"teaser_icon size_normal bg_color round teaser_gradient color_1\">\n\t\t\t<i class=\"rt-icon2-clock4\"><\/i>\n\t\t<\/div>\n<h3>\n<p>  Tiempo de trabajo<br \/>\n\t\t\t\t<\/h3>\n<p>\n  De 9:00 et 20:00\n\t\t<\/p>\n<\/p><\/div>\n<\/p><\/div>\n<div class=\"fw-divider-line\">\n<hr>\n<\/div><\/div>\n<\/p><\/div>\n<\/section>\n<div class=\"text-block\">\n<p style=\"text-align: center\">Seth HR Ltd. dispose d&rsquo;un certificat d&rsquo;enregistrement du minist\u00e8re du travail et de la politique sociale no. 3409\/30.09.2022 \u0438 3410\/30.09.2022<\/p>\n<\/div>\n<section class=\"fw-main-row ls section_padding_top_100 section_padding_bottom_100 columns_padding_0 fullwidth-section\">\n<h3 class=\"hidden\">  Carte 2<\/h3>\n<div class=\"container-fluid\">\n<div class=\"row\">\n\t\t\t\t\t<\/div>\n<\/p><\/div>\n<\/section>\n<p><!-- 202cd0dd1d2c92887cac81cd5cd01777 --><\/p>\n","protected":false},"excerpt":{"rendered":"<p>Faq Pourquoi SET-HR \u00bfCu\u00e1l es nuestra misi\u00f3n ? SET HR est une agence de personnel d\u00e9di\u00e9e \u00e0 la recherche des<\/p>\n","protected":false},"author":1,"featured_media":0,"parent":0,"menu_order":0,"comment_status":"closed","ping_status":"closed","template":"","meta":{"footnotes":""},"class_list":["post-5786","page","type-page","status-publish","hentry"],"yoast_head":"<!-- This site is optimized with the Yoast SEO plugin v27.4 - https:\/\/yoast.com\/product\/yoast-seo-wordpress\/ -->\n<title>A propos de nous - SET HR<\/title>\n<meta name=\"robots\" content=\"index, follow, max-snippet:-1, max-image-preview:large, max-video-preview:-1\" \/>\n<link rel=\"canonical\" href=\"https:\/\/set-hr.com\/fr\/a-propos-de-nous-2\/\" \/>\n<meta property=\"og:locale\" content=\"fr_FR\" \/>\n<meta property=\"og:type\" content=\"article\" \/>\n<meta property=\"og:title\" content=\"A propos de nous - SET HR\" \/>\n<meta property=\"og:description\" content=\"Faq Pourquoi SET-HR \u00bfCu\u00e1l es nuestra misi\u00f3n ? SET HR est une agence de personnel d\u00e9di\u00e9e \u00e0 la recherche des\" \/>\n<meta property=\"og:url\" content=\"https:\/\/set-hr.com\/fr\/a-propos-de-nous-2\/\" \/>\n<meta property=\"og:site_name\" content=\"SET HR\" \/>\n<meta property=\"article:publisher\" content=\"https:\/\/www.facebook.com\/SETHRGlobalRecruitment\" \/>\n<meta property=\"og:image\" content=\"https:\/\/set-hr.com\/wp-content\/uploads\/2017\/09\/author-600x480.jpg\" \/>\n<meta name=\"twitter:card\" content=\"summary_large_image\" \/>\n<meta name=\"twitter:label1\" content=\"Dur\u00e9e de lecture estim\u00e9e\" \/>\n\t<meta name=\"twitter:data1\" content=\"2 minutes\" \/>\n<script type=\"application\/ld+json\" class=\"yoast-schema-graph\">{\"@context\":\"https:\\\/\\\/schema.org\",\"@graph\":[{\"@type\":\"WebPage\",\"@id\":\"https:\\\/\\\/set-hr.com\\\/fr\\\/a-propos-de-nous-2\\\/\",\"url\":\"https:\\\/\\\/set-hr.com\\\/fr\\\/a-propos-de-nous-2\\\/\",\"name\":\"A propos de nous - SET HR\",\"isPartOf\":{\"@id\":\"https:\\\/\\\/set-hr.com\\\/fr\\\/#website\"},\"primaryImageOfPage\":{\"@id\":\"https:\\\/\\\/set-hr.com\\\/fr\\\/a-propos-de-nous-2\\\/#primaryimage\"},\"image\":{\"@id\":\"https:\\\/\\\/set-hr.com\\\/fr\\\/a-propos-de-nous-2\\\/#primaryimage\"},\"thumbnailUrl\":\"https:\\\/\\\/set-hr.com\\\/wp-content\\\/uploads\\\/2017\\\/09\\\/author-600x480.jpg\",\"datePublished\":\"2019-02-20T08:49:02+00:00\",\"breadcrumb\":{\"@id\":\"https:\\\/\\\/set-hr.com\\\/fr\\\/a-propos-de-nous-2\\\/#breadcrumb\"},\"inLanguage\":\"fr-FR\",\"potentialAction\":[{\"@type\":\"ReadAction\",\"target\":[\"https:\\\/\\\/set-hr.com\\\/fr\\\/a-propos-de-nous-2\\\/\"]}]},{\"@type\":\"ImageObject\",\"inLanguage\":\"fr-FR\",\"@id\":\"https:\\\/\\\/set-hr.com\\\/fr\\\/a-propos-de-nous-2\\\/#primaryimage\",\"url\":\"https:\\\/\\\/set-hr.com\\\/wp-content\\\/uploads\\\/2017\\\/09\\\/author-600x480.jpg\",\"contentUrl\":\"https:\\\/\\\/set-hr.com\\\/wp-content\\\/uploads\\\/2017\\\/09\\\/author-600x480.jpg\"},{\"@type\":\"BreadcrumbList\",\"@id\":\"https:\\\/\\\/set-hr.com\\\/fr\\\/a-propos-de-nous-2\\\/#breadcrumb\",\"itemListElement\":[{\"@type\":\"ListItem\",\"position\":1,\"name\":\"\u041d\u0430\u0447\u0430\u043b\u043e\",\"item\":\"https:\\\/\\\/set-hr.com\\\/fr\\\/\"},{\"@type\":\"ListItem\",\"position\":2,\"name\":\"A propos de nous\"}]},{\"@type\":\"WebSite\",\"@id\":\"https:\\\/\\\/set-hr.com\\\/fr\\\/#website\",\"url\":\"https:\\\/\\\/set-hr.com\\\/fr\\\/\",\"name\":\"SET HR\",\"description\":\"\u041f\u043e\u0434\u0431\u043e\u0440 \u043d\u0430 \u043f\u0435\u0440\u0441\u043e\u043d\u0430\u043b\",\"publisher\":{\"@id\":\"https:\\\/\\\/set-hr.com\\\/fr\\\/#organization\"},\"potentialAction\":[{\"@type\":\"SearchAction\",\"target\":{\"@type\":\"EntryPoint\",\"urlTemplate\":\"https:\\\/\\\/set-hr.com\\\/fr\\\/?s={search_term_string}\"},\"query-input\":{\"@type\":\"PropertyValueSpecification\",\"valueRequired\":true,\"valueName\":\"search_term_string\"}}],\"inLanguage\":\"fr-FR\"},{\"@type\":\"Organization\",\"@id\":\"https:\\\/\\\/set-hr.com\\\/fr\\\/#organization\",\"name\":\"SET HR\",\"url\":\"https:\\\/\\\/set-hr.com\\\/fr\\\/\",\"logo\":{\"@type\":\"ImageObject\",\"inLanguage\":\"fr-FR\",\"@id\":\"https:\\\/\\\/set-hr.com\\\/fr\\\/#\\\/schema\\\/logo\\\/image\\\/\",\"url\":\"https:\\\/\\\/set-hr.com\\\/wp-content\\\/uploads\\\/2022\\\/10\\\/Transparent-Logo.png\",\"contentUrl\":\"https:\\\/\\\/set-hr.com\\\/wp-content\\\/uploads\\\/2022\\\/10\\\/Transparent-Logo.png\",\"width\":2029,\"height\":1063,\"caption\":\"SET HR\"},\"image\":{\"@id\":\"https:\\\/\\\/set-hr.com\\\/fr\\\/#\\\/schema\\\/logo\\\/image\\\/\"},\"sameAs\":[\"https:\\\/\\\/www.facebook.com\\\/SETHRGlobalRecruitment\"]}]}<\/script>\n<!-- \/ Yoast SEO plugin. -->","yoast_head_json":{"title":"A propos de nous - SET HR","robots":{"index":"index","follow":"follow","max-snippet":"max-snippet:-1","max-image-preview":"max-image-preview:large","max-video-preview":"max-video-preview:-1"},"canonical":"https:\/\/set-hr.com\/fr\/a-propos-de-nous-2\/","og_locale":"fr_FR","og_type":"article","og_title":"A propos de nous - SET HR","og_description":"Faq Pourquoi SET-HR \u00bfCu\u00e1l es nuestra misi\u00f3n ? SET HR est une agence de personnel d\u00e9di\u00e9e \u00e0 la recherche des","og_url":"https:\/\/set-hr.com\/fr\/a-propos-de-nous-2\/","og_site_name":"SET HR","article_publisher":"https:\/\/www.facebook.com\/SETHRGlobalRecruitment","og_image":[{"url":"https:\/\/set-hr.com\/wp-content\/uploads\/2017\/09\/author-600x480.jpg","type":"","width":"","height":""}],"twitter_card":"summary_large_image","twitter_misc":{"Dur\u00e9e de lecture estim\u00e9e":"2 minutes"},"schema":{"@context":"https:\/\/schema.org","@graph":[{"@type":"WebPage","@id":"https:\/\/set-hr.com\/fr\/a-propos-de-nous-2\/","url":"https:\/\/set-hr.com\/fr\/a-propos-de-nous-2\/","name":"A propos de nous - SET HR","isPartOf":{"@id":"https:\/\/set-hr.com\/fr\/#website"},"primaryImageOfPage":{"@id":"https:\/\/set-hr.com\/fr\/a-propos-de-nous-2\/#primaryimage"},"image":{"@id":"https:\/\/set-hr.com\/fr\/a-propos-de-nous-2\/#primaryimage"},"thumbnailUrl":"https:\/\/set-hr.com\/wp-content\/uploads\/2017\/09\/author-600x480.jpg","datePublished":"2019-02-20T08:49:02+00:00","breadcrumb":{"@id":"https:\/\/set-hr.com\/fr\/a-propos-de-nous-2\/#breadcrumb"},"inLanguage":"fr-FR","potentialAction":[{"@type":"ReadAction","target":["https:\/\/set-hr.com\/fr\/a-propos-de-nous-2\/"]}]},{"@type":"ImageObject","inLanguage":"fr-FR","@id":"https:\/\/set-hr.com\/fr\/a-propos-de-nous-2\/#primaryimage","url":"https:\/\/set-hr.com\/wp-content\/uploads\/2017\/09\/author-600x480.jpg","contentUrl":"https:\/\/set-hr.com\/wp-content\/uploads\/2017\/09\/author-600x480.jpg"},{"@type":"BreadcrumbList","@id":"https:\/\/set-hr.com\/fr\/a-propos-de-nous-2\/#breadcrumb","itemListElement":[{"@type":"ListItem","position":1,"name":"\u041d\u0430\u0447\u0430\u043b\u043e","item":"https:\/\/set-hr.com\/fr\/"},{"@type":"ListItem","position":2,"name":"A propos de nous"}]},{"@type":"WebSite","@id":"https:\/\/set-hr.com\/fr\/#website","url":"https:\/\/set-hr.com\/fr\/","name":"SET HR","description":"\u041f\u043e\u0434\u0431\u043e\u0440 \u043d\u0430 \u043f\u0435\u0440\u0441\u043e\u043d\u0430\u043b","publisher":{"@id":"https:\/\/set-hr.com\/fr\/#organization"},"potentialAction":[{"@type":"SearchAction","target":{"@type":"EntryPoint","urlTemplate":"https:\/\/set-hr.com\/fr\/?s={search_term_string}"},"query-input":{"@type":"PropertyValueSpecification","valueRequired":true,"valueName":"search_term_string"}}],"inLanguage":"fr-FR"},{"@type":"Organization","@id":"https:\/\/set-hr.com\/fr\/#organization","name":"SET HR","url":"https:\/\/set-hr.com\/fr\/","logo":{"@type":"ImageObject","inLanguage":"fr-FR","@id":"https:\/\/set-hr.com\/fr\/#\/schema\/logo\/image\/","url":"https:\/\/set-hr.com\/wp-content\/uploads\/2022\/10\/Transparent-Logo.png","contentUrl":"https:\/\/set-hr.com\/wp-content\/uploads\/2022\/10\/Transparent-Logo.png","width":2029,"height":1063,"caption":"SET HR"},"image":{"@id":"https:\/\/set-hr.com\/fr\/#\/schema\/logo\/image\/"},"sameAs":["https:\/\/www.facebook.com\/SETHRGlobalRecruitment"]}]}},"_links":{"self":[{"href":"https:\/\/set-hr.com\/fr\/wp-json\/wp\/v2\/pages\/5786","targetHints":{"allow":["GET"]}}],"collection":[{"href":"https:\/\/set-hr.com\/fr\/wp-json\/wp\/v2\/pages"}],"about":[{"href":"https:\/\/set-hr.com\/fr\/wp-json\/wp\/v2\/types\/page"}],"author":[{"embeddable":true,"href":"https:\/\/set-hr.com\/fr\/wp-json\/wp\/v2\/users\/1"}],"replies":[{"embeddable":true,"href":"https:\/\/set-hr.com\/fr\/wp-json\/wp\/v2\/comments?post=5786"}],"version-history":[{"count":0,"href":"https:\/\/set-hr.com\/fr\/wp-json\/wp\/v2\/pages\/5786\/revisions"}],"wp:attachment":[{"href":"https:\/\/set-hr.com\/fr\/wp-json\/wp\/v2\/media?parent=5786"}],"curies":[{"name":"wp","href":"https:\/\/api.w.org\/{rel}","templated":true}]}}